{"id":701,"date":"2021-07-07T13:26:06","date_gmt":"2021-07-07T13:26:06","guid":{"rendered":"https:\/\/bridge455.qodeinteractive.com\/?page_id=701"},"modified":"2024-04-11T08:33:03","modified_gmt":"2024-04-11T08:33:03","slug":"contact-us","status":"publish","type":"page","link":"http:\/\/vernettarestaurante.com\/index.php\/contact-us\/","title":{"rendered":"Cont\u00e1ctanos"},"content":{"rendered":"\t\t<div data-elementor-type=\"wp-page\" data-elementor-id=\"701\" class=\"elementor elementor-701\">\n\t\t\t\t\t\t\t\t\t<section class=\"elementor-section elementor-top-section elementor-element elementor-element-f1bfad2 elementor-section-full_width qode_elementor_container_inner elementor-section-height-default elementor-section-height-default parallax_section_no qodef-elementor-content-no\" data-id=\"f1bfad2\" data-element_type=\"section\">\n\t\t\t\t\t\t<div class=\"elementor-container elementor-column-gap-default\">\n\t\t\t\t\t<div class=\"elementor-column elementor-col-50 elementor-top-column elementor-element elementor-element-615e49d\" data-id=\"615e49d\" data-element_type=\"column\">\n\t\t\t<div class=\"elementor-widget-wrap elementor-element-populated\">\n\t\t\t\t\t\t\t\t<div class=\"elementor-element elementor-element-d4eaa92 elementor-widget elementor-widget-text-editor\" data-id=\"d4eaa92\" data-element_type=\"widget\" data-widget_type=\"text-editor.default\">\n\t\t\t\t<div class=\"elementor-widget-container\">\n\t\t\t<style>\/*! elementor - v3.10.1 - 17-01-2023 *\/\n.elementor-widget-text-editor.elementor-drop-cap-view-stacked .elementor-drop-cap{background-color:#818a91;color:#fff}.elementor-widget-text-editor.elementor-drop-cap-view-framed .elementor-drop-cap{color:#818a91;border:3px solid;background-color:transparent}.elementor-widget-text-editor:not(.elementor-drop-cap-view-default) .elementor-drop-cap{margin-top:8px}.elementor-widget-text-editor:not(.elementor-drop-cap-view-default) .elementor-drop-cap-letter{width:1em;height:1em}.elementor-widget-text-editor .elementor-drop-cap{float:left;text-align:center;line-height:1;font-size:50px}.elementor-widget-text-editor .elementor-drop-cap-letter{display:inline-block}<\/style>\t\t\t\t<h3>D\u00e9janos tu mensaje<\/h3>\t\t\t\t\t\t<\/div>\n\t\t\t\t<\/div>\n\t\t\t\t<div class=\"elementor-element elementor-element-21c32a8 elementor-widget elementor-widget-qi_addons_for_elementor_contact_form_7\" data-id=\"21c32a8\" data-element_type=\"widget\" data-widget_type=\"qi_addons_for_elementor_contact_form_7.default\">\n\t\t\t\t<div class=\"elementor-widget-container\">\n\t\t\t<div class=\"qodef-shortcode qodef-m contacto qodef-qi-contact-form-7 \">\n\t\n<div class=\"wpcf7 no-js\" id=\"wpcf7-f3273-o1\" lang=\"es-ES\" dir=\"ltr\">\n<div class=\"screen-reader-response\"><p role=\"status\" aria-live=\"polite\" aria-atomic=\"true\"><\/p> <ul><\/ul><\/div>\n<form action=\"\/index.php\/wp-json\/wp\/v2\/pages\/701#wpcf7-f3273-o1\" method=\"post\" class=\"wpcf7-form init\" aria-label=\"Formulario de contacto\" novalidate=\"novalidate\" data-status=\"init\">\n<div style=\"display: none;\">\n<input type=\"hidden\" name=\"_wpcf7\" value=\"3273\" \/>\n<input type=\"hidden\" name=\"_wpcf7_version\" value=\"5.8\" \/>\n<input type=\"hidden\" name=\"_wpcf7_locale\" value=\"es_ES\" \/>\n<input type=\"hidden\" name=\"_wpcf7_unit_tag\" value=\"wpcf7-f3273-o1\" \/>\n<input type=\"hidden\" name=\"_wpcf7_container_post\" value=\"0\" \/>\n<input type=\"hidden\" name=\"_wpcf7_posted_data_hash\" value=\"\" \/>\n<\/div>\n<label> Tu nombre y apellido\n    <span class=\"wpcf7-form-control-wrap\" data-name=\"your-name\"><input size=\"40\" class=\"wpcf7-form-control wpcf7-text wpcf7-validates-as-required\" aria-required=\"true\" aria-invalid=\"false\" value=\"\" type=\"text\" name=\"your-name\" \/><\/span> <\/label>\n\n<label> Correo electr\u00f3nico\n    <span class=\"wpcf7-form-control-wrap\" data-name=\"your-email\"><input size=\"40\" class=\"wpcf7-form-control wpcf7-email wpcf7-validates-as-required wpcf7-text wpcf7-validates-as-email\" aria-required=\"true\" aria-invalid=\"false\" value=\"\" type=\"email\" name=\"your-email\" \/><\/span> <\/label>\n\n<label> Tel\u00e9fono\n<span class=\"wpcf7-form-control-wrap\" data-name=\"tel-416\"><input size=\"40\" class=\"wpcf7-form-control wpcf7-tel wpcf7-validates-as-required wpcf7-text wpcf7-validates-as-tel\" aria-required=\"true\" aria-invalid=\"false\" placeholder=\"\" value=\"\" type=\"tel\" name=\"tel-416\" \/><\/span> <\/label>\n\n<label> Asunto\n    <span class=\"wpcf7-form-control-wrap\" data-name=\"your-subject\"><input size=\"40\" class=\"wpcf7-form-control wpcf7-text wpcf7-validates-as-required\" aria-required=\"true\" aria-invalid=\"false\" value=\"\" type=\"text\" name=\"your-subject\" \/><\/span> <\/label>\n\n<label> D\u00e9janos tu mensaje o haz tu reserva\n    <span class=\"wpcf7-form-control-wrap\" data-name=\"your-message\"><textarea cols=\"40\" rows=\"10\" class=\"wpcf7-form-control wpcf7-textarea\" aria-invalid=\"false\" name=\"your-message\"><\/textarea><\/span> <\/label>\n\n\n<input class=\"wpcf7-form-control wpcf7-submit has-spinner\" type=\"submit\" value=\"Enviar\" \/><p style=\"display: none !important;\"><label>&#916;<textarea name=\"_wpcf7_ak_hp_textarea\" cols=\"45\" rows=\"8\" maxlength=\"100\"><\/textarea><\/label><input type=\"hidden\" id=\"ak_js_1\" name=\"_wpcf7_ak_js\" value=\"56\"\/><script>document.getElementById( \"ak_js_1\" ).setAttribute( \"value\", ( new Date() ).getTime() );<\/script><\/p><div class=\"wpcf7-response-output\" aria-hidden=\"true\"><\/div>\n<\/form>\n<\/div>\n<\/div>\n\t\t<\/div>\n\t\t\t\t<\/div>\n\t\t\t\t\t<\/div>\n\t\t<\/div>\n\t\t\t\t<div class=\"elementor-column elementor-col-50 elementor-top-column elementor-element elementor-element-810a058\" data-id=\"810a058\" data-element_type=\"column\">\n\t\t\t<div class=\"elementor-widget-wrap elementor-element-populated\">\n\t\t\t\t\t\t\t\t<div class=\"elementor-element elementor-element-1b9b3f1 elementor-widget elementor-widget-text-editor\" data-id=\"1b9b3f1\" data-element_type=\"widget\" data-widget_type=\"text-editor.default\">\n\t\t\t\t<div class=\"elementor-widget-container\">\n\t\t\t\t\t\t\t<h3>Vernetta Restaurante<\/h3>\t\t\t\t\t\t<\/div>\n\t\t\t\t<\/div>\n\t\t\t\t<div class=\"elementor-element elementor-element-78ca117 elementor-widget elementor-widget-bridge_icon_text\" data-id=\"78ca117\" data-element_type=\"widget\" data-widget_type=\"bridge_icon_text.default\">\n\t\t\t\t<div class=\"elementor-widget-container\">\n\t\t\t<div class='q_icon_with_title tiny custom_icon_image left_from_title '><div class=\"icon_text_holder\" style=\"\"><div class=\"icon_text_inner\" style=\"\"><div class=\"icon_title_holder\"><div class=\"icon_holder \" style=\" \"><img decoding=\"async\" itemprop=\"image\" style=\"\" src=\"http:\/\/vernettarestaurante.com\/wp-content\/uploads\/2017\/08\/icon-1.png\" alt=\"\"><\/div><h6 class=\"icon_title\" style=\"color: #878787;\">Horario<\/h6><\/div><p style=''><\/p><\/div><\/div><\/div>\t\t<\/div>\n\t\t\t\t<\/div>\n\t\t\t\t<div class=\"elementor-element elementor-element-603309c elementor-widget elementor-widget-text-editor\" data-id=\"603309c\" data-element_type=\"widget\" data-widget_type=\"text-editor.default\">\n\t\t\t\t<div class=\"elementor-widget-container\">\n\t\t\t\t\t\t\t<p><span style=\"text-decoration: underline;\"><em>Lunes:<\/em><\/span> Cerrado<\/p><p><span style=\"text-decoration: underline;\"><em>Martes<\/em><\/span>: de 11:00\u201316:00<\/p><p><span style=\"text-decoration: underline;\"><em>Mi\u00e9rcoles:<\/em><\/span> de 11:00\u201316:00<\/p><p><em><span style=\"text-decoration: underline;\">Jueves:<\/span><\/em> de 11:00\u201316:00, 20:00\u201323:30<\/p><p><em><span style=\"text-decoration: underline;\">Viernes:<\/span><\/em> de 11:00\u201316:00, 20:00\u201323:30<\/p><p><em><span style=\"text-decoration: underline;\">S\u00e1bado:<\/span><\/em> de 11:00\u201316:00, 20:00\u201323:30<\/p><p><em><span style=\"text-decoration: underline;\">Domingo:<\/span><\/em> de 11:00\u201316:00<\/p>\t\t\t\t\t\t<\/div>\n\t\t\t\t<\/div>\n\t\t\t\t<div class=\"elementor-element elementor-element-e675495 elementor-widget elementor-widget-bridge_icon_text\" data-id=\"e675495\" data-element_type=\"widget\" data-widget_type=\"bridge_icon_text.default\">\n\t\t\t\t<div class=\"elementor-widget-container\">\n\t\t\t<div class='q_icon_with_title tiny custom_icon_image left_from_title '><div class=\"icon_text_holder\" style=\"\"><div class=\"icon_text_inner\" style=\"\"><div class=\"icon_title_holder\"><div class=\"icon_holder \" style=\" \"><img decoding=\"async\" itemprop=\"image\" style=\"\" src=\"http:\/\/vernettarestaurante.com\/wp-content\/uploads\/2017\/08\/icon-1.png\" alt=\"\"><\/a><\/div><h6 class=\"icon_title\" style=\"color: #878787;\">D\u00f3nde encontrarnos<\/h6><\/div><p style=''><\/p><a itemprop='url' class='icon_with_title_link' href='\tCarrer del Mestre Racional, 15, 46005 Val\u00e8ncia, Valencia' target='_blank' style=''>Carrer del Mestre Racional, 15, 46005 Val\u00e8ncia, Valencia<\/a><\/div><\/div><\/div>\t\t<\/div>\n\t\t\t\t<\/div>\n\t\t\t\t<div class=\"elementor-element elementor-element-8469adf elementor-widget elementor-widget-bridge_icon_text\" data-id=\"8469adf\" data-element_type=\"widget\" data-widget_type=\"bridge_icon_text.default\">\n\t\t\t\t<div class=\"elementor-widget-container\">\n\t\t\t<div class='q_icon_with_title tiny custom_icon_image left_from_title '><div class=\"icon_text_holder\" style=\"\"><div class=\"icon_text_inner\" style=\"\"><div class=\"icon_title_holder\"><div class=\"icon_holder \" style=\" \"><img decoding=\"async\" itemprop=\"image\" style=\"\" src=\"http:\/\/vernettarestaurante.com\/wp-content\/uploads\/2017\/08\/icon-2.png\" alt=\"\"><\/a><\/div><h6 class=\"icon_title\" style=\"color: #878787;\">Tel\u00e9fono<\/h6><\/div><p style=''><\/p><a itemprop='url' class='icon_with_title_link' href='(+34) 96 195 61 79' target='_blank' style=''>(+34) 96 195 61 79<\/a><\/div><\/div><\/div>\t\t<\/div>\n\t\t\t\t<\/div>\n\t\t\t\t<div class=\"elementor-element elementor-element-459b78f elementor-widget elementor-widget-bridge_icon_text\" data-id=\"459b78f\" data-element_type=\"widget\" data-widget_type=\"bridge_icon_text.default\">\n\t\t\t\t<div class=\"elementor-widget-container\">\n\t\t\t<div class='q_icon_with_title tiny custom_icon_image left_from_title '><div class=\"icon_text_holder\" style=\"\"><div class=\"icon_text_inner\" style=\"\"><div class=\"icon_title_holder\"><div class=\"icon_holder \" style=\" \"><img decoding=\"async\" itemprop=\"image\" style=\"\" src=\"http:\/\/vernettarestaurante.com\/wp-content\/uploads\/2017\/08\/icon-3.png\" alt=\"\"><\/a><\/div><h6 class=\"icon_title\" style=\"color: #878787;\">Correo electr\u00f3nico<\/h6><\/div><p style=''><\/p><a itemprop='url' class='icon_with_title_link' href='mailto:vernettarestaurante@gmail.com' target='_blank' style=''>vernettarestaurante@gmail.com<\/a><\/div><\/div><\/div>\t\t<\/div>\n\t\t\t\t<\/div>\n\t\t\t\t\t<\/div>\n\t\t<\/div>\n\t\t\t\t\t\t\t<\/div>\n\t\t<\/section>\n\t\t\t\t<section class=\"elementor-section elementor-top-section elementor-element elementor-element-fce2d1d elementor-section-full_width qode_elementor_container_inner elementor-section-height-default elementor-section-height-default parallax_section_no qodef-elementor-content-no\" data-id=\"fce2d1d\" data-element_type=\"section\">\n\t\t\t\t\t\t<div class=\"elementor-container elementor-column-gap-default\">\n\t\t\t\t\t<div class=\"elementor-column elementor-col-50 elementor-top-column elementor-element elementor-element-71b7a75\" data-id=\"71b7a75\" data-element_type=\"column\">\n\t\t\t<div class=\"elementor-widget-wrap elementor-element-populated\">\n\t\t\t\t\t\t\t\t<div class=\"elementor-element elementor-element-8e20040 elementor-invisible elementor-widget elementor-widget-google_maps\" data-id=\"8e20040\" data-element_type=\"widget\" data-settings=\"{&quot;_animation&quot;:&quot;fadeIn&quot;}\" data-widget_type=\"google_maps.default\">\n\t\t\t\t<div class=\"elementor-widget-container\">\n\t\t\t<style>\/*! elementor - v3.10.1 - 17-01-2023 *\/\n.elementor-widget-google_maps .elementor-widget-container{overflow:hidden}.elementor-widget-google_maps iframe{height:300px}<\/style>\t\t<div class=\"elementor-custom-embed\">\n\t\t\t<iframe loading=\"lazy\"\n\t\t\t\t\tsrc=\"https:\/\/maps.google.com\/maps?q=Carrer%20del%20Mestre%20Racional%2C%2015%2C%2046005%20Val%C3%A8ncia%2C%20Valencia&#038;t=m&#038;z=14&#038;output=embed&#038;iwloc=near\"\n\t\t\t\t\ttitle=\"Carrer del Mestre Racional, 15, 46005 Val\u00e8ncia, Valencia\"\n\t\t\t\t\taria-label=\"Carrer del Mestre Racional, 15, 46005 Val\u00e8ncia, Valencia\"\n\t\t\t><\/iframe>\n\t\t<\/div>\n\t\t\t\t<\/div>\n\t\t\t\t<\/div>\n\t\t\t\t\t<\/div>\n\t\t<\/div>\n\t\t\t\t<div class=\"elementor-column elementor-col-50 elementor-top-column elementor-element elementor-element-98aed82\" data-id=\"98aed82\" data-element_type=\"column\">\n\t\t\t<div class=\"elementor-widget-wrap elementor-element-populated\">\n\t\t\t\t\t\t\t\t<div class=\"elementor-element elementor-element-b062639 elementor-widget elementor-widget-bridge_image_gallery\" data-id=\"b062639\" data-element_type=\"widget\" data-widget_type=\"bridge_image_gallery.default\">\n\t\t\t\t<div class=\"elementor-widget-container\">\n\t\t\t<div class=\"qode-image-gallery\"><div class=\"qode-image-gallery-inner\"><div class=\"qode-image-gallery-slides wpb_image_grid\" data-interval=\"\"data-control=\"false\"data-direction=\"false\"data-pause-on-hover=\"false\"data-drag=\"false\"><div class=\"gallery_holder\"><ul class=\"gallery_inner   v0\"><li class=\"no_grayscale\"><img decoding=\"async\" itemprop=\"image\" src=\"http:\/\/vernettarestaurante.com\/wp-content\/uploads\/2022\/11\/entrada-1.jpg\" \/><\/li><\/ul><\/div><\/div><\/div><\/div>\t\t<\/div>\n\t\t\t\t<\/div>\n\t\t\t\t\t<\/div>\n\t\t<\/div>\n\t\t\t\t\t\t\t<\/div>\n\t\t<\/section>\n\t\t\t\t\t\t\t<\/div>\n\t\t","protected":false},"excerpt":{"rendered":"<p>D\u00e9janos tu mensaje Tu nombre y apellido Correo electr\u00f3nico Tel\u00e9fono Asunto D\u00e9janos tu mensaje o haz tu reserva &#916; Vernetta Restaurante Horario Lunes: Cerrado Martes: de 11:00\u201316:00 Mi\u00e9rcoles: de 11:00\u201316:00 Jueves: de 11:00\u201316:00, 20:00\u201323:30 Viernes: de 11:00\u201316:00, 20:00\u201323:30 S\u00e1bado: de 11:00\u201316:00, 20:00\u201323:30 Domingo: de 11:00\u201316:00&#8230;<\/p>\n","protected":false},"author":3,"featured_media":0,"parent":0,"menu_order":0,"comment_status":"closed","ping_status":"closed","template":"full_width.php","meta":{"om_disable_all_campaigns":false,"_monsterinsights_skip_tracking":false,"_monsterinsights_sitenote_active":false,"_monsterinsights_sitenote_note":"","_monsterinsights_sitenote_category":0,"_themeisle_gutenberg_block_has_review":false,"footnotes":""},"class_list":["post-701","page","type-page","status-publish","hentry"],"aioseo_notices":[],"_links":{"self":[{"href":"http:\/\/vernettarestaurante.com\/index.php\/wp-json\/wp\/v2\/pages\/701","targetHints":{"allow":["GET"]}}],"collection":[{"href":"http:\/\/vernettarestaurante.com\/index.php\/wp-json\/wp\/v2\/pages"}],"about":[{"href":"http:\/\/vernettarestaurante.com\/index.php\/wp-json\/wp\/v2\/types\/page"}],"author":[{"embeddable":true,"href":"http:\/\/vernettarestaurante.com\/index.php\/wp-json\/wp\/v2\/users\/3"}],"replies":[{"embeddable":true,"href":"http:\/\/vernettarestaurante.com\/index.php\/wp-json\/wp\/v2\/comments?post=701"}],"version-history":[{"count":116,"href":"http:\/\/vernettarestaurante.com\/index.php\/wp-json\/wp\/v2\/pages\/701\/revisions"}],"predecessor-version":[{"id":3659,"href":"http:\/\/vernettarestaurante.com\/index.php\/wp-json\/wp\/v2\/pages\/701\/revisions\/3659"}],"wp:attachment":[{"href":"http:\/\/vernettarestaurante.com\/index.php\/wp-json\/wp\/v2\/media?parent=701"}],"curies":[{"name":"wp","href":"https:\/\/api.w.org\/{rel}","templated":true}]}}